{"id":385,"date":"2021-07-04T03:28:40","date_gmt":"2021-07-04T03:28:40","guid":{"rendered":"https:\/\/httt.uit.edu.vn\/aisc\/?page_id=385"},"modified":"2024-08-01T07:41:09","modified_gmt":"2024-08-01T07:41:09","slug":"tin-tuc","status":"publish","type":"page","link":"https:\/\/httt.uit.edu.vn\/aisc\/tin-tuc\/","title":{"rendered":"AISC &#8211; Tin t\u1ee9c"},"content":{"rendered":"\t\t<div data-elementor-type=\"wp-page\" data-elementor-id=\"385\" class=\"elementor elementor-385\" data-elementor-settings=\"[]\">\n\t\t\t\t\t\t\t<div class=\"elementor-section-wrap\">\n\t\t\t\t\t\t\t<section class=\"elementor-section elementor-top-section elementor-element elementor-element-7a8f23f elementor-section-full_width elementor-section-height-default elementor-section-height-default\" data-id=\"7a8f23f\" data-element_type=\"section\">\n\t\t\t\t\t\t<div class=\"elementor-container elementor-column-gap-default\">\n\t\t\t\t\t<div class=\"elementor-column elementor-col-100 elementor-top-column elementor-element elementor-element-aa960e8\" data-id=\"aa960e8\" data-element_type=\"column\">\n\t\t\t<div class=\"elementor-widget-wrap elementor-element-populated\">\n\t\t\t\t\t\t\t\t<div class=\"elementor-element elementor-element-83a99aa elementor-widget elementor-widget-image\" data-id=\"83a99aa\" data-element_type=\"widget\" data-widget_type=\"image.default\">\n\t\t\t\t<div class=\"elementor-widget-container\">\n\t\t\t\t\t\t\t\t\t\t\t\t\t\t\t<img width=\"1958\" height=\"745\" src=\"https:\/\/httt.uit.edu.vn\/aisc\/wp-content\/uploads\/2024\/08\/Artboard-1Anh-Bia-AISC.png\" class=\"attachment-2048x2048 size-2048x2048\" alt=\"\" loading=\"lazy\" srcset=\"https:\/\/httt.uit.edu.vn\/aisc\/wp-content\/uploads\/2024\/08\/Artboard-1Anh-Bia-AISC.png 1958w, https:\/\/httt.uit.edu.vn\/aisc\/wp-content\/uploads\/2024\/08\/Artboard-1Anh-Bia-AISC-300x114.png 300w, https:\/\/httt.uit.edu.vn\/aisc\/wp-content\/uploads\/2024\/08\/Artboard-1Anh-Bia-AISC-1024x390.png 1024w, https:\/\/httt.uit.edu.vn\/aisc\/wp-content\/uploads\/2024\/08\/Artboard-1Anh-Bia-AISC-768x292.png 768w, https:\/\/httt.uit.edu.vn\/aisc\/wp-content\/uploads\/2024\/08\/Artboard-1Anh-Bia-AISC-1536x584.png 1536w\" sizes=\"(max-width: 1958px) 100vw, 1958px\" \/>\t\t\t\t\t\t\t\t\t\t\t\t\t\t\t<\/div>\n\t\t\t\t<\/div>\n\t\t\t\t\t<\/div>\n\t\t<\/div>\n\t\t\t\t\t\t\t<\/div>\n\t\t<\/section>\n\t\t\t\t<section class=\"elementor-section elementor-top-section elementor-element elementor-element-dc6e05e elementor-section-boxed elementor-section-height-default elementor-section-height-default\" data-id=\"dc6e05e\" data-element_type=\"section\">\n\t\t\t\t\t\t<div class=\"elementor-container elementor-column-gap-default\">\n\t\t\t\t\t<div class=\"elementor-column elementor-col-100 elementor-top-column elementor-element elementor-element-de47db4\" data-id=\"de47db4\" data-element_type=\"column\">\n\t\t\t<div class=\"elementor-widget-wrap elementor-element-populated\">\n\t\t\t\t\t\t\t\t<div class=\"elementor-element elementor-element-3ec8a07 elementor-widget elementor-widget-heading\" data-id=\"3ec8a07\" data-element_type=\"widget\" data-widget_type=\"heading.default\">\n\t\t\t\t<div class=\"elementor-widget-container\">\n\t\t\t<h2 class=\"elementor-heading-title elementor-size-default\">TIN T\u1ee8C<\/h2>\t\t<\/div>\n\t\t\t\t<\/div>\n\t\t\t\t\t<\/div>\n\t\t<\/div>\n\t\t\t\t\t\t\t<\/div>\n\t\t<\/section>\n\t\t\t\t<section class=\"elementor-section elementor-top-section elementor-element elementor-element-ef9ee0a elementor-section-boxed elementor-section-height-default elementor-section-height-default\" data-id=\"ef9ee0a\" data-element_type=\"section\">\n\t\t\t\t\t\t<div class=\"elementor-container elementor-column-gap-default\">\n\t\t\t\t\t<div class=\"elementor-column elementor-col-100 elementor-top-column elementor-element elementor-element-473ce8b\" data-id=\"473ce8b\" data-element_type=\"column\">\n\t\t\t<div class=\"elementor-widget-wrap elementor-element-populated\">\n\t\t\t\t\t\t\t\t<div class=\"elementor-element elementor-element-21dcf11 elementor-widget elementor-widget-obfx-posts-grid\" data-id=\"21dcf11\" data-element_type=\"widget\" data-widget_type=\"obfx-posts-grid.default\">\n\t\t\t\t<div class=\"elementor-widget-container\">\n\t\t\t<div class=\"obfx-grid\"><div class=\"obfx-grid-container obfx-grid-mobile-1 obfx-grid-tablet-2 obfx-grid-desktop-3\"><div class=\"obfx-grid-wrapper\"><article class=\"obfx-grid-col\"><div class=\"obfx-grid-col-image\" ><a href=\"https:\/\/httt.uit.edu.vn\/aisc\/tin-tuc\/%f0%9f%94%a5%ef%b8%8f-tong-ket-vong-chung-ket-cuoc-thi-aisc22-%f0%9f%94%a5%ef%b8%8fadvanced-information-systems-contest\/\" title=\"\ud83d\udd25\ufe0f T\u1ed4NG K\u1ebeT V\u00d2NG CHUNG K\u1ebeT CU\u1ed8C THI AISC&#8217;22 \ud83d\udd25\ufe0fAdvanced Information Systems Contest\"><img width=\"2560\" height=\"1707\" src=\"https:\/\/httt.uit.edu.vn\/aisc\/wp-content\/uploads\/2023\/03\/DSC_2909@1.25x-scaled.jpg\" class=\"img-responsive wp-post-image\" alt=\"DSC_2909@1.25x\" loading=\"lazy\" srcset=\"https:\/\/httt.uit.edu.vn\/aisc\/wp-content\/uploads\/2023\/03\/DSC_2909@1.25x-scaled.jpg 2560w, https:\/\/httt.uit.edu.vn\/aisc\/wp-content\/uploads\/2023\/03\/DSC_2909@1.25x-300x200.jpg 300w, https:\/\/httt.uit.edu.vn\/aisc\/wp-content\/uploads\/2023\/03\/DSC_2909@1.25x-1024x683.jpg 1024w, https:\/\/httt.uit.edu.vn\/aisc\/wp-content\/uploads\/2023\/03\/DSC_2909@1.25x-768x512.jpg 768w, https:\/\/httt.uit.edu.vn\/aisc\/wp-content\/uploads\/2023\/03\/DSC_2909@1.25x-1536x1024.jpg 1536w, https:\/\/httt.uit.edu.vn\/aisc\/wp-content\/uploads\/2023\/03\/DSC_2909@1.25x-2048x1365.jpg 2048w, https:\/\/httt.uit.edu.vn\/aisc\/wp-content\/uploads\/2023\/03\/DSC_2909@1.25x-360x240.jpg 360w\" sizes=\"(max-width: 2560px) 100vw, 2560px\" \/><\/a><\/div><div class=\"obfx-grid-col-content\">\t\t\t<h2 class=\"entry-title obfx-grid-title\">\n\t\t\t\t\t\t\t<a href=\"https:\/\/httt.uit.edu.vn\/aisc\/tin-tuc\/%f0%9f%94%a5%ef%b8%8f-tong-ket-vong-chung-ket-cuoc-thi-aisc22-%f0%9f%94%a5%ef%b8%8fadvanced-information-systems-contest\/\" title=\"\ud83d\udd25\ufe0f T\u1ed4NG K\u1ebeT V\u00d2NG CHUNG K\u1ebeT CU\u1ed8C THI AISC&#8217;22 \ud83d\udd25\ufe0fAdvanced Information Systems Contest\">\n\t\t\t\t\t\ud83d\udd25\ufe0f T\u1ed4NG K\u1ebeT V\u00d2NG CHUNG K\u1ebeT CU\u1ed8C THI AISC&#8217;22 \ud83d\udd25\ufe0fAdvanced Information Systems Contest\t\t\t\t<\/a>\n\t\t\t\t\t\t\t<\/h2>\n\t\t\t\t\t\t\t<div class=\"entry-meta obfx-grid-meta\">\n\n\t\t\t\t\t\t\t\t\t\t\t\t\t<span class=\"obfx-grid-author\">\n\t\t\t\t\t\t\t\t\t<i class=\"fas fa-user\"><\/i>Hy Ph\u1ea1m\t\t\t\t\t\t\t\t<\/span>\n\t\t\t\t\t\t\t\t\t\t\t\t\t\t\t\t<span class=\"obfx-grid-date\">\n\t\t\t\t\t\t\t\t\t<i class=\"fas fa-calendar\"><\/i>09\/03\/2023\t\t\t\t\t\t\t\t<\/span>\n\t\t\t\t\t\t\t\t\n\t\t\t\t<\/div>\n\t\t\t\t\t\t\t<div class=\"entry-content obfx-grid-content\">\n\t\t\t\tS\u00e1ng ng\u00e0y 2.3.2023, v\u00f2ng Chung k\u1ebft cu\u1ed9c thi AISC\u201922 \u0111\u00e3 di\u1ec5n ra th\u00e0nh c\u00f4ng t\u1ed1t \u0111\u1eb9p. M\u1ed9t ch\u1eb7ng \u0111\u01b0\u1eddng \u0111\u1ea7y th\u1eed th\u00e1ch nh\u01b0ng c\u0169ng kh\u00f4ng k\u00e9m ph\u1ea7n h\u1ea5p d\u1eabn \u0111\u1ed1i&hellip;\t\t\t<\/div>\n\t\t\t<\/div><\/article><\/div><div class=\"obfx-grid-wrapper\"><article class=\"obfx-grid-col obfx-no-image\"><div class=\"obfx-grid-col-content\">\t\t\t<h2 class=\"entry-title obfx-grid-title\">\n\t\t\t\t\t\t\t<a href=\"https:\/\/httt.uit.edu.vn\/aisc\/tin-tuc\/nhom-tad-ung-dung-moi-si-nong-san\/\" title=\"NH\u00d3M TAD\u00a0&#8211;\u00a0\u1ee8NG D\u1ee4NG M\u00d4I S\u1ec8 N\u00d4NG S\u1ea2N\">\n\t\t\t\t\tNH\u00d3M TAD\u00a0&#8211;\u00a0\u1ee8NG D\u1ee4NG M\u00d4I S\u1ec8 N\u00d4NG S\u1ea2N\t\t\t\t<\/a>\n\t\t\t\t\t\t\t<\/h2>\n\t\t\t\t\t\t\t<div class=\"entry-meta obfx-grid-meta\">\n\n\t\t\t\t\t\t\t\t\t\t\t\t\t<span class=\"obfx-grid-author\">\n\t\t\t\t\t\t\t\t\t<i class=\"fas fa-user\"><\/i>Hy Ph\u1ea1m\t\t\t\t\t\t\t\t<\/span>\n\t\t\t\t\t\t\t\t\t\t\t\t\t\t\t\t<span class=\"obfx-grid-date\">\n\t\t\t\t\t\t\t\t\t<i class=\"fas fa-calendar\"><\/i>18\/04\/2022\t\t\t\t\t\t\t\t<\/span>\n\t\t\t\t\t\t\t\t\n\t\t\t\t<\/div>\n\t\t\t\t\t\t\t<div class=\"entry-content obfx-grid-content\">\n\t\t\t\t\u00a0NH\u00d3M TAD\u00a0\u00a0\u1ee8NG D\u1ee4NG M\u00d4I S\u1ec8 N\u00d4NG S\u1ea2N M\u00f9a tr\u00e1i c\u00e2y&#8230; gi\u00e1 r\u1ebb&#8230; l\u00e0 v\u00ec&#8230;.ai? Trong n\u0103m 2020, c\u00f3 kho\u1ea3ng 17.5 tri\u1ec7u lao \u0111\u1ed9ng l\u00e0m vi\u1ec7c trong l\u0129nh v\u1ef1c N\u00f4ng &#8211;&hellip;\t\t\t<\/div>\n\t\t\t<\/div><\/article><\/div><div class=\"obfx-grid-wrapper\"><article class=\"obfx-grid-col obfx-no-image\"><div class=\"obfx-grid-col-content\">\t\t\t<h2 class=\"entry-title obfx-grid-title\">\n\t\t\t\t\t\t\t<a href=\"https:\/\/httt.uit.edu.vn\/aisc\/tin-tuc\/nhom-uef-e-2hand-e-2hand\/\" title=\"NH\u00d3M UEF E-2HAND &#8211; E-2HAND\">\n\t\t\t\t\tNH\u00d3M UEF E-2HAND &#8211; E-2HAND\t\t\t\t<\/a>\n\t\t\t\t\t\t\t<\/h2>\n\t\t\t\t\t\t\t<div class=\"entry-meta obfx-grid-meta\">\n\n\t\t\t\t\t\t\t\t\t\t\t\t\t<span class=\"obfx-grid-author\">\n\t\t\t\t\t\t\t\t\t<i class=\"fas fa-user\"><\/i>Hy Ph\u1ea1m\t\t\t\t\t\t\t\t<\/span>\n\t\t\t\t\t\t\t\t\t\t\t\t\t\t\t\t<span class=\"obfx-grid-date\">\n\t\t\t\t\t\t\t\t\t<i class=\"fas fa-calendar\"><\/i>18\/04\/2022\t\t\t\t\t\t\t\t<\/span>\n\t\t\t\t\t\t\t\t\n\t\t\t\t<\/div>\n\t\t\t\t\t\t\t<div class=\"entry-content obfx-grid-content\">\n\t\t\t\t\u00a0NH\u00d3M UEF E-2HAND\u00a0\u00a0E-2HAND \u00a0D\u1ef1 \u00e1n s\u1eed d\u1ee5ng n\u1ec1n t\u1ea3ng s\u00e0n th\u01b0\u01a1ng m\u1ea1i \u0111i\u1ec7n t\u1eed gi\u00fap ng\u01b0\u1eddi d\u00f9ng b\u00e1n l\u1ea1i c\u00e1c s\u1ea3n ph\u1ea9m \u0111\u00e3 qua s\u1eed d\u1ee5ng. &#8212;&#8212;&#8212;&#8212;&#8212;&#8212;&#8212;&#8212;&#8212;&#8212;&#8212;&#8212;&#8212;&#8212;- M\u1ecdi th\u00f4ng tin&hellip;\t\t\t<\/div>\n\t\t\t<\/div><\/article><\/div>\t\t\t\t<div class=\"obfx-grid-pagination\">\n\t\t\t\t\t\t\t\t\t\t<nav class=\"pagination\">\n\t\t\t\t\t\t<span aria-current=\"page\" class=\"page-numbers current\">1<\/span>\n<a class=\"page-numbers\" href=\"https:\/\/httt.uit.edu.vn\/aisc\/wp-json\/wp\/v2\/pages\/385\/page\/2\/\">2<\/a>\n<a class=\"page-numbers\" href=\"https:\/\/httt.uit.edu.vn\/aisc\/wp-json\/wp\/v2\/pages\/385\/page\/3\/\">3<\/a>\n<a class=\"page-numbers\" href=\"https:\/\/httt.uit.edu.vn\/aisc\/wp-json\/wp\/v2\/pages\/385\/page\/4\/\">4<\/a>\n<span class=\"page-numbers dots\">&hellip;<\/span>\n<a class=\"page-numbers\" href=\"https:\/\/httt.uit.edu.vn\/aisc\/wp-json\/wp\/v2\/pages\/385\/page\/9\/\">9<\/a>\n<a class=\"next page-numbers\" href=\"https:\/\/httt.uit.edu.vn\/aisc\/wp-json\/wp\/v2\/pages\/385\/page\/2\/\">Next<\/a>\t\t\t\t\t<\/nav>\n\t\t\t\t<\/div>\n\t\t\t\t<\/div><!-- .obfx-grid-container --><\/div><!-- .obfx-grid -->\t\t<\/div>\n\t\t\t\t<\/div>\n\t\t\t\t\t<\/div>\n\t\t<\/div>\n\t\t\t\t\t\t\t<\/div>\n\t\t<\/section>\n\t\t\t\t\t\t<\/div>\n\t\t\t\t\t<\/div>\n\t\t","protected":false},"excerpt":{"rendered":"<p>TIN T\u1ee8C \ud83d\udd25\ufe0f T\u1ed4NG K\u1ebeT V\u00d2NG CHUNG K\u1ebeT CU\u1ed8C THI AISC&#8217;22 \ud83d\udd25\ufe0fAdvanced Information Systems Contest Hy Ph\u1ea1m 09\/03\/2023 S\u00e1ng ng\u00e0y 2.3.2023, v\u00f2ng Chung k\u1ebft cu\u1ed9c thi AISC\u201922 \u0111\u00e3 di\u1ec5n ra th\u00e0nh c\u00f4ng t\u1ed1t \u0111\u1eb9p. M\u1ed9t ch\u1eb7ng \u0111\u01b0\u1eddng \u0111\u1ea7y th\u1eed th\u00e1ch nh\u01b0ng c\u0169ng kh\u00f4ng k\u00e9m ph\u1ea7n h\u1ea5p d\u1eabn \u0111\u1ed1i&hellip; NH\u00d3M TAD\u00a0&#8211;\u00a0\u1ee8NG [&hellip;]<\/p>\n","protected":false},"author":3,"featured_media":0,"parent":0,"menu_order":0,"comment_status":"closed","ping_status":"closed","template":"page-templates\/template-pagebuilder-full-width.php","meta":{"_ti_tpc_template_sync":false,"_ti_tpc_template_id":""},"_links":{"self":[{"href":"https:\/\/httt.uit.edu.vn\/aisc\/wp-json\/wp\/v2\/pages\/385"}],"collection":[{"href":"https:\/\/httt.uit.edu.vn\/aisc\/wp-json\/wp\/v2\/pages"}],"about":[{"href":"https:\/\/httt.uit.edu.vn\/aisc\/wp-json\/wp\/v2\/types\/page"}],"author":[{"embeddable":true,"href":"https:\/\/httt.uit.edu.vn\/aisc\/wp-json\/wp\/v2\/users\/3"}],"replies":[{"embeddable":true,"href":"https:\/\/httt.uit.edu.vn\/aisc\/wp-json\/wp\/v2\/comments?post=385"}],"version-history":[{"count":20,"href":"https:\/\/httt.uit.edu.vn\/aisc\/wp-json\/wp\/v2\/pages\/385\/revisions"}],"predecessor-version":[{"id":1102,"href":"https:\/\/httt.uit.edu.vn\/aisc\/wp-json\/wp\/v2\/pages\/385\/revisions\/1102"}],"wp:attachment":[{"href":"https:\/\/httt.uit.edu.vn\/aisc\/wp-json\/wp\/v2\/media?parent=385"}],"curies":[{"name":"wp","href":"https:\/\/api.w.org\/{rel}","templated":true}]}}